{"id":72541,"date":"2019-03-06T16:59:44","date_gmt":"2019-03-06T15:59:44","guid":{"rendered":"https:\/\/fervent-matsumoto.46-38-233-62.plesk.page\/imprint\/"},"modified":"2024-01-31T15:53:08","modified_gmt":"2024-01-31T14:53:08","slug":"imprint","status":"publish","type":"page","link":"https:\/\/swam-ag.ch\/en\/imprint\/","title":{"rendered":"Imprint"},"content":{"rendered":"<div class=\"wpb-content-wrapper\"><p>[vc_row type=&#8221;container&#8221; css=&#8221;.vc_custom_1458943870757{padding-bottom: 30px !important;}&#8221;][vc_column][vc_column_text]<\/p>\n<h5>Inhaltliche Verantwortung<\/h5>\n<p>SwAM Swiss Asset Management AG<br \/>\nSchwertstr. 4<br \/>\nP.O. Box 247<br \/>\nCH-8200 Schaffhausen<br \/>\nPhone +41-41-6122828<br \/>\n<a href=\"mailto:info@swam-ag.ch\">info@swam-ag.ch<\/a><\/p>\n<p>&nbsp;<\/p>\n<h5>Privacy-Policy<\/h5>\n<p>Die SwAM Swiss Asset Management AG bem\u00fcht sich im Rahmen des Zumutbaren, auf dieser Website richtige und vollst\u00e4ndige Informationen zur Verf\u00fcgung zu stellen. Die SwAM Swiss Asset Management AG \u00fcbernimmt jedoch keine Haftung oder Garantie f\u00fcr die Aktualit\u00e4t, Richtigkeit und Vollst\u00e4ndigkeit der auf dieser Website bereitgestellten Informationen. Dies gilt auch f\u00fcr alle Verbindungen (&#8220;Links&#8221;), auf die diese Website direkt oder indirekt verweist. Die SwAM Swiss Asset Management AG ist f\u00fcr den Inhalt einer Seite, die mit einem solchen Link erreicht wird, nicht verantwortlich. Die SwAM Swiss Asset Management AG beh\u00e4lt sich das Recht vor, ohne vorherige Ank\u00fcndigung \u00c4nderungen oder Erg\u00e4nzungen der bereitgestellten Informationen vorzunehmen.<br \/>\nDer Inhalt dieser Website ist urheberrechtlich gesch\u00fctzt.[\/vc_column_text][\/vc_column][\/vc_row]<\/p>\n<\/div>","protected":false},"excerpt":{"rendered":"<p>[vc_row type=&#8221;container&#8221; css=&#8221;.vc_custom_1458943870757{padding-bottom: 30px !important;}&#8221;][vc_column][vc_column_text] Inhaltliche Verantwortung SwAM Swiss Asset Management AG Schwertstr. 4 P.O. Box 247 CH-8200 Schaffhausen Phone +41-41-6122828 info@swam-ag.ch &nbsp; Privacy-Policy Die SwAM Swiss Asset Management AG bem\u00fcht sich im Rahmen des Zumutbaren, auf dieser Website richtige und vollst\u00e4ndige Informationen zur Verf\u00fcgung zu stellen. Die SwAM Swiss Asset Management AG \u00fcbernimmt jedoch [&hellip;]<\/p>\n","protected":false},"author":2,"featured_media":0,"parent":0,"menu_order":0,"comment_status":"closed","ping_status":"closed","template":"","meta":{"_acf_changed":false,"footnotes":""},"class_list":["post-72541","page","type-page","status-publish","hentry"],"acf":[],"yoast_head":"<!-- This site is optimized with the Yoast SEO plugin v27.4 - https:\/\/yoast.com\/product\/yoast-seo-wordpress\/ -->\n<title>Imprint - Swiss Asset Management AG<\/title>\n<meta name=\"robots\" content=\"index, follow, max-snippet:-1, max-image-preview:large, max-video-preview:-1\" \/>\n<link rel=\"canonical\" href=\"https:\/\/swam-ag.ch\/en\/imprint\/\" \/>\n<meta property=\"og:locale\" content=\"en_US\" \/>\n<meta property=\"og:type\" content=\"article\" \/>\n<meta property=\"og:title\" content=\"Imprint - Swiss Asset Management AG\" \/>\n<meta property=\"og:description\" content=\"[vc_row type=&#8221;container&#8221; css=&#8221;.vc_custom_1458943870757{padding-bottom: 30px !important;}&#8221;][vc_column][vc_column_text] Inhaltliche Verantwortung SwAM Swiss Asset Management AG Schwertstr. 4 P.O. Box 247 CH-8200 Schaffhausen Phone +41-41-6122828 info@swam-ag.ch &nbsp; Privacy-Policy Die SwAM Swiss Asset Management AG bem\u00fcht sich im Rahmen des Zumutbaren, auf dieser Website richtige und vollst\u00e4ndige Informationen zur Verf\u00fcgung zu stellen. Die SwAM Swiss Asset Management AG \u00fcbernimmt jedoch [&hellip;]\" \/>\n<meta property=\"og:url\" content=\"https:\/\/swam-ag.ch\/en\/imprint\/\" \/>\n<meta property=\"og:site_name\" content=\"Swiss Asset Management AG\" \/>\n<meta property=\"article:modified_time\" content=\"2024-01-31T14:53:08+00:00\" \/>\n<meta name=\"twitter:card\" content=\"summary_large_image\" \/>\n<meta name=\"twitter:label1\" content=\"Est. reading time\" \/>\n\t<meta name=\"twitter:data1\" content=\"1 minute\" \/>\n<script type=\"application\/ld+json\" class=\"yoast-schema-graph\">{\"@context\":\"https:\\\/\\\/schema.org\",\"@graph\":[{\"@type\":\"WebPage\",\"@id\":\"https:\\\/\\\/swam-ag.ch\\\/en\\\/imprint\\\/\",\"url\":\"https:\\\/\\\/swam-ag.ch\\\/en\\\/imprint\\\/\",\"name\":\"Imprint - Swiss Asset Management AG\",\"isPartOf\":{\"@id\":\"https:\\\/\\\/swam-ag.ch\\\/#website\"},\"datePublished\":\"2019-03-06T15:59:44+00:00\",\"dateModified\":\"2024-01-31T14:53:08+00:00\",\"inLanguage\":\"en-US\",\"potentialAction\":[{\"@type\":\"ReadAction\",\"target\":[\"https:\\\/\\\/swam-ag.ch\\\/en\\\/imprint\\\/\"]}]},{\"@type\":\"WebSite\",\"@id\":\"https:\\\/\\\/swam-ag.ch\\\/#website\",\"url\":\"https:\\\/\\\/swam-ag.ch\\\/\",\"name\":\"Swiss Asset Management AG\",\"description\":\"\",\"potentialAction\":[{\"@type\":\"SearchAction\",\"target\":{\"@type\":\"EntryPoint\",\"urlTemplate\":\"https:\\\/\\\/swam-ag.ch\\\/?s={search_term_string}\"},\"query-input\":{\"@type\":\"PropertyValueSpecification\",\"valueRequired\":true,\"valueName\":\"search_term_string\"}}],\"inLanguage\":\"en-US\"}]}<\/script>\n<!-- \/ Yoast SEO plugin. -->","yoast_head_json":{"title":"Imprint - Swiss Asset Management AG","robots":{"index":"index","follow":"follow","max-snippet":"max-snippet:-1","max-image-preview":"max-image-preview:large","max-video-preview":"max-video-preview:-1"},"canonical":"https:\/\/swam-ag.ch\/en\/imprint\/","og_locale":"en_US","og_type":"article","og_title":"Imprint - Swiss Asset Management AG","og_description":"[vc_row type=&#8221;container&#8221; css=&#8221;.vc_custom_1458943870757{padding-bottom: 30px !important;}&#8221;][vc_column][vc_column_text] Inhaltliche Verantwortung SwAM Swiss Asset Management AG Schwertstr. 4 P.O. Box 247 CH-8200 Schaffhausen Phone +41-41-6122828 info@swam-ag.ch &nbsp; Privacy-Policy Die SwAM Swiss Asset Management AG bem\u00fcht sich im Rahmen des Zumutbaren, auf dieser Website richtige und vollst\u00e4ndige Informationen zur Verf\u00fcgung zu stellen. Die SwAM Swiss Asset Management AG \u00fcbernimmt jedoch [&hellip;]","og_url":"https:\/\/swam-ag.ch\/en\/imprint\/","og_site_name":"Swiss Asset Management AG","article_modified_time":"2024-01-31T14:53:08+00:00","twitter_card":"summary_large_image","twitter_misc":{"Est. reading time":"1 minute"},"schema":{"@context":"https:\/\/schema.org","@graph":[{"@type":"WebPage","@id":"https:\/\/swam-ag.ch\/en\/imprint\/","url":"https:\/\/swam-ag.ch\/en\/imprint\/","name":"Imprint - Swiss Asset Management AG","isPartOf":{"@id":"https:\/\/swam-ag.ch\/#website"},"datePublished":"2019-03-06T15:59:44+00:00","dateModified":"2024-01-31T14:53:08+00:00","inLanguage":"en-US","potentialAction":[{"@type":"ReadAction","target":["https:\/\/swam-ag.ch\/en\/imprint\/"]}]},{"@type":"WebSite","@id":"https:\/\/swam-ag.ch\/#website","url":"https:\/\/swam-ag.ch\/","name":"Swiss Asset Management AG","description":"","potentialAction":[{"@type":"SearchAction","target":{"@type":"EntryPoint","urlTemplate":"https:\/\/swam-ag.ch\/?s={search_term_string}"},"query-input":{"@type":"PropertyValueSpecification","valueRequired":true,"valueName":"search_term_string"}}],"inLanguage":"en-US"}]}},"_links":{"self":[{"href":"https:\/\/swam-ag.ch\/en\/wp-json\/wp\/v2\/pages\/72541","targetHints":{"allow":["GET"]}}],"collection":[{"href":"https:\/\/swam-ag.ch\/en\/wp-json\/wp\/v2\/pages"}],"about":[{"href":"https:\/\/swam-ag.ch\/en\/wp-json\/wp\/v2\/types\/page"}],"author":[{"embeddable":true,"href":"https:\/\/swam-ag.ch\/en\/wp-json\/wp\/v2\/users\/2"}],"replies":[{"embeddable":true,"href":"https:\/\/swam-ag.ch\/en\/wp-json\/wp\/v2\/comments?post=72541"}],"version-history":[{"count":3,"href":"https:\/\/swam-ag.ch\/en\/wp-json\/wp\/v2\/pages\/72541\/revisions"}],"predecessor-version":[{"id":79763,"href":"https:\/\/swam-ag.ch\/en\/wp-json\/wp\/v2\/pages\/72541\/revisions\/79763"}],"wp:attachment":[{"href":"https:\/\/swam-ag.ch\/en\/wp-json\/wp\/v2\/media?parent=72541"}],"curies":[{"name":"wp","href":"https:\/\/api.w.org\/{rel}","templated":true}]}}